{"id":77402,"date":"2017-10-12T11:25:49","date_gmt":"2017-10-12T09:25:49","guid":{"rendered":"https:\/\/www.segoviaguitaracademy.com\/wp\/guitar-week\/la-citta-delle-mille-corde-2015\/"},"modified":"2019-01-30T15:50:13","modified_gmt":"2019-01-30T14:50:13","slug":"la-citta-delle-mille-corde-2015","status":"publish","type":"page","link":"https:\/\/www.segoviaguitaracademy.com\/en\/guitar-week\/la-citta-delle-mille-corde-2015\/","title":{"rendered":"La citt\u00e0 delle mille corde 2015"},"content":{"rendered":"<div class=\"wpb-content-wrapper\"><p>[vc_row][vc_column]\n\t\t\t<!-- START La citt\u00e0 delle mille corde 2015 REVOLUTION SLIDER 6.7.38 --><p class=\"rs-p-wp-fix\"><\/p>\n\t\t\t<rs-module-wrap id=\"rev_slider_49_1_wrapper\" data-source=\"gallery\" style=\"visibility:hidden;background:transparent;padding:0;margin:0px auto;margin-top:0;margin-bottom:0;\">\n\t\t\t\t<rs-module id=\"rev_slider_49_1\" style=\"\" data-version=\"6.7.38\">\n\t\t\t\t\t<rs-slides style=\"overflow: hidden; position: absolute;\">\n\t\t\t\t\t\t<rs-slide style=\"position: absolute;\" data-key=\"rs-241\" data-title=\"Slide\" data-anim=\"adpr:false;\">\n\t\t\t\t\t\t\t<img decoding=\"async\" src=\"\/\/www.segoviaguitaracademy.com\/wp\/wp-content\/plugins\/revslider\/sr6\/assets\/assets\/dummy.png\" alt=\"\" title=\"La citt\u00e0 delle mille corde 2015\" class=\"rev-slidebg tp-rs-img rs-lazyload\" data-lazyload=\"\/\/www.segoviaguitaracademy.com\/wp\/wp-content\/uploads\/2017\/10\/010.jpg\" data-no-retina>\n<!--\n\t\t\t\t\t\t\t--><rs-layer\n\t\t\t\t\t\t\t\tid=\"slider-49-slide-241-layer-2\" \n\t\t\t\t\t\t\t\tclass=\"tp-shape tp-shapewrapper\"\n\t\t\t\t\t\t\t\tdata-type=\"shape\"\n\t\t\t\t\t\t\t\tdata-rsp_ch=\"on\"\n\t\t\t\t\t\t\t\tdata-xy=\"x:c;\"\n\t\t\t\t\t\t\t\tdata-text=\"a:inherit;\"\n\t\t\t\t\t\t\t\tdata-dim=\"w:100%;h:47px;\"\n\t\t\t\t\t\t\t\tdata-basealign=\"slide\"\n\t\t\t\t\t\t\t\tdata-frame_0=\"tp:600;\"\n\t\t\t\t\t\t\t\tdata-frame_1=\"tp:600;sR:10;\"\n\t\t\t\t\t\t\t\tdata-frame_999=\"o:0;tp:600;st:w;sR:8690;\"\n\t\t\t\t\t\t\t\tstyle=\"z-index:5;background-color:rgba(160,91,74,0.6);\"\n\t\t\t\t\t\t\t> \n\t\t\t\t\t\t\t<\/rs-layer><!--\n\n\t\t\t\t\t\t\t--><h2\n\t\t\t\t\t\t\t\tid=\"slider-49-slide-241-layer-1\" \n\t\t\t\t\t\t\t\tclass=\"rs-layer\"\n\t\t\t\t\t\t\t\tdata-type=\"text\"\n\t\t\t\t\t\t\t\tdata-rsp_ch=\"on\"\n\t\t\t\t\t\t\t\tdata-xy=\"x:r;xo:0,0,0,10px;yo:15px,15px,15px,20px;\"\n\t\t\t\t\t\t\t\tdata-text=\"s:32,32,32,25;l:22;fw:700;a:right;\"\n\t\t\t\t\t\t\t\tdata-dim=\"w:768px,768px,768px,385px;\"\n\t\t\t\t\t\t\t\tdata-frame_0=\"tp:600;\"\n\t\t\t\t\t\t\t\tdata-frame_1=\"tp:600;st:0;\"\n\t\t\t\t\t\t\t\tdata-frame_999=\"o:0;tp:600;st:w;sR:8700;\"\n\t\t\t\t\t\t\t\tstyle=\"z-index:6;font-family:'Palatino Linotype', 'Book Antiqua', 'Palatino', 'serif';\"\n\t\t\t\t\t\t\t>La citt\u00e0 delle mille corde 2015 \n\t\t\t\t\t\t\t<\/h2><!--\n\n\t\t\t\t\t\t\t--><rs-layer\n\t\t\t\t\t\t\t\tid=\"slider-49-slide-241-layer-3\" \n\t\t\t\t\t\t\t\tclass=\"tp-shape tp-shapewrapper\"\n\t\t\t\t\t\t\t\tdata-type=\"shape\"\n\t\t\t\t\t\t\t\tdata-rsp_ch=\"on\"\n\t\t\t\t\t\t\t\tdata-xy=\"x:c;y:b;\"\n\t\t\t\t\t\t\t\tdata-text=\"a:inherit;\"\n\t\t\t\t\t\t\t\tdata-dim=\"w:100%;h:100px,100px,100px,60px;\"\n\t\t\t\t\t\t\t\tdata-basealign=\"slide\"\n\t\t\t\t\t\t\t\tdata-frame_0=\"tp:600;\"\n\t\t\t\t\t\t\t\tdata-frame_1=\"tp:600;st:0;\"\n\t\t\t\t\t\t\t\tdata-frame_999=\"o:0;tp:600;st:w;sR:8700;\"\n\t\t\t\t\t\t\t\tstyle=\"z-index:7;background-color:rgba(160,91,74,0.6);\"\n\t\t\t\t\t\t\t> \n\t\t\t\t\t\t\t<\/rs-layer><!--\n\n\t\t\t\t\t\t\t--><h2\n\t\t\t\t\t\t\t\tid=\"slider-49-slide-241-layer-4\" \n\t\t\t\t\t\t\t\tclass=\"rs-layer\"\n\t\t\t\t\t\t\t\tdata-type=\"text\"\n\t\t\t\t\t\t\t\tdata-rsp_ch=\"on\"\n\t\t\t\t\t\t\t\tdata-xy=\"x:r;xo:0,0,0,10px;y:b;\"\n\t\t\t\t\t\t\t\tdata-text=\"s:25,25,25,15;l:22,22,22,16;fw:700;a:right;\"\n\t\t\t\t\t\t\t\tdata-dim=\"w:1000px,1000px,1000px,385px;h:70px,70px,70px,50px;\"\n\t\t\t\t\t\t\t\tdata-frame_0=\"tp:600;\"\n\t\t\t\t\t\t\t\tdata-frame_1=\"tp:600;st:0;\"\n\t\t\t\t\t\t\t\tdata-frame_999=\"o:0;tp:600;st:w;sR:8700;\"\n\t\t\t\t\t\t\t\tstyle=\"z-index:8;font-family:'Palatino Linotype', 'Book Antiqua', 'Palatino', 'serif';font-style:italic;\"\n\t\t\t\t\t\t\t>CHAMBER MUSIC COURSE FOR KIDS<br>\nPordenone 16\/17\/18 january 2015 \n\t\t\t\t\t\t\t<\/h2><!--\n-->\t\t\t\t\t<\/rs-slide>\n\t\t\t\t\t<\/rs-slides>\n\t\t\t\t<\/rs-module>\n\t\t\t\t<script>\n\t\t\t\t\tsetREVStartSize({c: 'rev_slider_49_1',rl:[1240,1240,1240,480],el:[],gw:[1240,1240,1240,400],gh:[590,590,590,320],type:'standard',justify:'',layout:'fullwidth',mh:\"0\"});if (window.RS_MODULES!==undefined && window.RS_MODULES.modules!==undefined && window.RS_MODULES.modules[\"revslider491\"]!==undefined) {window.RS_MODULES.modules[\"revslider491\"].once = false;window.revapi49 = undefined;if (window.RS_MODULES.checkMinimal!==undefined) window.RS_MODULES.checkMinimal()}\n\t\t\t\t<\/script>\n\t\t\t<\/rs-module-wrap>\n\t\t\t<!-- END REVOLUTION SLIDER -->\n[\/vc_column][\/vc_row][vc_row][vc_column width=&#8221;1\/6&#8243;][\/vc_column][vc_column width=&#8221;2\/3&#8243; el_class=&#8221;pulsante-guitar&#8221;][vc_btn title=&#8221;Introduction&#8221; shape=&#8221;square&#8221; link=&#8221;url:https%3A%2F%2Fwww.segoviaguitaracademy.com%2Fwp%2Fen%2Fguitar-week%2Fintroduction%2F|||&#8221; el_class=&#8221;button-guitar-week&#8221;][vc_btn title=&#8221;Program&#8221; shape=&#8221;square&#8221; link=&#8221;url:https%3A%2F%2Fwww.segoviaguitaracademy.com%2Fwp%2Fen%2Fguitar-week%2Fprogram-2015%2F|||&#8221; el_class=&#8221;button-guitar-week&#8221;][vc_btn title=&#8221;La citt\u00e0 delle mille corde&#8221; shape=&#8221;square&#8221; link=&#8221;url:https%3A%2F%2Fwww.segoviaguitaracademy.com%2Fwp%2Fen%2Fguitar-week%2Fla-citta-delle-mille-corde-2015%2F|||&#8221; el_class=&#8221;button-guitar-week&#8221;][vc_btn title=&#8221;Artists 2015&#8243; shape=&#8221;square&#8221; link=&#8221;url:https%3A%2F%2Fwww.segoviaguitaracademy.com%2Fwp%2Fen%2Fguitar-week%2Fartists-2015%2F|||&#8221; el_class=&#8221;button-guitar-week&#8221;][\/vc_column][vc_column width=&#8221;1\/6&#8243;][\/vc_column][\/vc_row][vc_row][vc_column][vc_column_text css=&#8221;.vc_custom_1548859034844{padding-top: 20px !important;padding-bottom: 30px !important;}&#8221; el_class=&#8221;testo-giustificato&#8221;]Aimed for young musicians between 10 and 16 years old, this formative project offers an opportunity for personal and musical growth, through an embracing and intense collective experience lasting two and a half days, where ensemble activities are interwoven with the possibility to share passion for music as a group.[\/vc_column_text][\/vc_column][\/vc_row][vc_row][vc_column][vc_raw_html]JTNDZGl2JTIwY2xhc3MlM0QlMjJzZXBhcmF0b3JlLWNvbnRhaW5lciUyMiUzRSUwQSUzQ2RpdiUyMGNsYXNzJTNEJTIyc2VwYXJhdG9yZS1saW5lJTIyJTNFJTNDJTJGZGl2JTNFJTBBJTNDZGl2JTIwY2xhc3MlM0QlMjJjZW50cm8tcm9zZXR0YSUyMiUzRSUwQSUzQ2RpdiUyMGNsYXNzJTNEJTIycm9zZXR0YS1pbWclMjIlM0UlMEElM0NpbWclMjBzcmMlM0QlMjJodHRwcyUzQSUyRiUyRnd3dy5zZWdvdmlhZ3VpdGFyYWNhZGVteS5jb20lMkZpbWclMkZpY29ucyUyRnJvc2V0dGEuanBnJTIyJTJGJTNFJTBBJTNDJTJGZGl2JTNFJTBBJTNDJTJGZGl2JTNFJTBBJTNDJTJGZGl2JTNF[\/vc_raw_html][\/vc_column][\/vc_row][vc_row][vc_column width=&#8221;1\/4&#8243; offset=&#8221;vc_col-md-offset-0 vc_hidden-md vc_col-sm-offset-0 vc_hidden-sm vc_hidden-xs&#8221;][\/vc_column][vc_column width=&#8221;1\/2&#8243;][vc_column_text css=&#8221;.vc_custom_1548859048433{padding-top: 20px !important;padding-bottom: 20px !important;}&#8221;]<\/p>\n<h2><b>Daily timetable:<\/b><\/h2>\n<p>[\/vc_column_text][vc_column_text]\u2022\u00a0<b>Friday<\/b>\u00a016\/01 &#8211; 17.00-19.00<br \/>\n\u2022\u00a0<b>Saturday<\/b>\u00a017\/01 &#8211; 10-12.30\/15.30-18.30<br \/>\n\u2022\u00a0<b>Sunday<\/b>\u00a018\/01 &#8211; 10-12.30<\/p>\n<p>Final concert and certifiacte assignments<br \/>\n\u2022\u00a0<b>Sunday<\/b>\u00a018\/01 &#8211; 15.30<\/p>\n<p>\u2022\u00a0<b>Teachers:<\/b>\u00a0Andrea Andrian, Mauricio Gonzal\u00e9z, Josu\u00e9 Guti\u00e9rrez, Rodrigo Herrera, Giulia Pizzolongo, Angela Tagliariol.[\/vc_column_text][\/vc_column][vc_column width=&#8221;1\/4&#8243; offset=&#8221;vc_col-md-offset-0 vc_hidden-md vc_col-sm-offset-0 vc_hidden-sm vc_hidden-xs&#8221;][\/vc_column][\/vc_row]<\/p>\n<\/div>","protected":false},"excerpt":{"rendered":"<p>[vc_row][vc_column][\/vc_column][\/vc_row][vc_row][vc_column width=&#8221;1\/6&#8243;][\/vc_column][vc_column width=&#8221;2\/3&#8243; el_class=&#8221;pulsante-guitar&#8221;][vc_btn title=&#8221;Introduction&#8221; shape=&#8221;square&#8221; link=&#8221;url:https%3A%2F%2Fwww.segoviaguitaracademy.com%2Fwp%2Fen%2Fguitar-week%2Fintroduction%2F|||&#8221; el_class=&#8221;button-guitar-week&#8221;][vc_btn title=&#8221;Program&#8221; shape=&#8221;square&#8221; link=&#8221;url:https%3A%2F%2Fwww.segoviaguitaracademy.com%2Fwp%2Fen%2Fguitar-week%2Fprogram-2015%2F|||&#8221; el_class=&#8221;button-guitar-week&#8221;][vc_btn title=&#8221;La citt\u00e0 delle mille corde&#8221; shape=&#8221;square&#8221; link=&#8221;url:https%3A%2F%2Fwww.segoviaguitaracademy.com%2Fwp%2Fen%2Fguitar-week%2Fla-citta-delle-mille-corde-2015%2F|||&#8221; el_class=&#8221;button-guitar-week&#8221;][vc_btn title=&#8221;Artists 2015&#8243; shape=&#8221;square&#8221; link=&#8221;url:https%3A%2F%2Fwww.segoviaguitaracademy.com%2Fwp%2Fen%2Fguitar-week%2Fartists-2015%2F|||&#8221; el_class=&#8221;button-guitar-week&#8221;][\/vc_column][vc_column width=&#8221;1\/6&#8243;][\/vc_column][\/vc_row][vc_row][vc_column][vc_column_text css=&#8221;.vc_custom_1548859034844{padding-top: 20px !important;padding-bottom: 30px !important;}&#8221; el_class=&#8221;testo-giustificato&#8221;]Aimed for young musicians between 10 and 16 years old, this formative project offers an opportunity for personal and musical growth, through an embracing [&hellip;]<\/p>\n","protected":false},"author":1,"featured_media":0,"parent":77388,"menu_order":0,"comment_status":"closed","ping_status":"closed","template":"","meta":{"_acf_changed":false,"inline_featured_image":false,"footnotes":""},"class_list":["post-77402","page","type-page","status-publish","hentry"],"acf":[],"yoast_head":"<!-- This site is optimized with the Yoast SEO plugin v26.4 - https:\/\/yoast.com\/wordpress\/plugins\/seo\/ -->\n<title>La citt\u00e0 delle mille corde 2015 | Segovia Guitar Academy<\/title>\n<meta name=\"description\" content=\"Aimed for young musicians between 10 and 16 years old, this formative project offers an opportunity for personal and musical growth, through an embracing\" \/>\n<meta name=\"robots\" content=\"index, follow, max-snippet:-1, max-image-preview:large, max-video-preview:-1\" \/>\n<link rel=\"canonical\" href=\"https:\/\/www.segoviaguitaracademy.com\/guitar-week\/la-citta-delle-mille-corde-2015\/\" \/>\n<meta property=\"og:locale\" content=\"en_US\" \/>\n<meta property=\"og:type\" content=\"article\" \/>\n<meta property=\"og:title\" content=\"La citt\u00e0 delle mille corde 2015 | Segovia Guitar Academy\" \/>\n<meta property=\"og:description\" content=\"Aimed for young musicians between 10 and 16 years old, this formative project offers an opportunity for personal and musical growth, through an embracing\" \/>\n<meta property=\"og:url\" content=\"https:\/\/www.segoviaguitaracademy.com\/guitar-week\/la-citta-delle-mille-corde-2015\/\" \/>\n<meta property=\"og:site_name\" content=\"Segovia Guitar Academy\" \/>\n<meta property=\"article:modified_time\" content=\"2019-01-30T14:50:13+00:00\" \/>\n<meta name=\"twitter:card\" content=\"summary_large_image\" \/>\n<meta name=\"twitter:label1\" content=\"Est. reading time\" \/>\n\t<meta name=\"twitter:data1\" content=\"2 minutes\" \/>\n<script type=\"application\/ld+json\" class=\"yoast-schema-graph\">{\"@context\":\"https:\/\/schema.org\",\"@graph\":[{\"@type\":\"WebPage\",\"@id\":\"https:\/\/www.segoviaguitaracademy.com\/guitar-week\/la-citta-delle-mille-corde-2015\/\",\"url\":\"https:\/\/www.segoviaguitaracademy.com\/guitar-week\/la-citta-delle-mille-corde-2015\/\",\"name\":\"La citt\u00e0 delle mille corde 2015 | Segovia Guitar Academy\",\"isPartOf\":{\"@id\":\"https:\/\/www.segoviaguitaracademy.com\/#website\"},\"datePublished\":\"2017-10-12T09:25:49+00:00\",\"dateModified\":\"2019-01-30T14:50:13+00:00\",\"description\":\"Aimed for young musicians between 10 and 16 years old, this formative project offers an opportunity for personal and musical growth, through an embracing\",\"breadcrumb\":{\"@id\":\"https:\/\/www.segoviaguitaracademy.com\/guitar-week\/la-citta-delle-mille-corde-2015\/#breadcrumb\"},\"inLanguage\":\"en-US\",\"potentialAction\":[{\"@type\":\"ReadAction\",\"target\":[\"https:\/\/www.segoviaguitaracademy.com\/guitar-week\/la-citta-delle-mille-corde-2015\/\"]}]},{\"@type\":\"BreadcrumbList\",\"@id\":\"https:\/\/www.segoviaguitaracademy.com\/guitar-week\/la-citta-delle-mille-corde-2015\/#breadcrumb\",\"itemListElement\":[{\"@type\":\"ListItem\",\"position\":1,\"name\":\"Home\",\"item\":\"https:\/\/www.segoviaguitaracademy.com\/en\/\"},{\"@type\":\"ListItem\",\"position\":2,\"name\":\"Guitar Week\",\"item\":\"https:\/\/www.segoviaguitaracademy.com\/guitar-week\/\"},{\"@type\":\"ListItem\",\"position\":3,\"name\":\"La citt\u00e0 delle mille corde 2015\"}]},{\"@type\":\"WebSite\",\"@id\":\"https:\/\/www.segoviaguitaracademy.com\/#website\",\"url\":\"https:\/\/www.segoviaguitaracademy.com\/\",\"name\":\"Segovia Guitar Academy\",\"description\":\"\",\"potentialAction\":[{\"@type\":\"SearchAction\",\"target\":{\"@type\":\"EntryPoint\",\"urlTemplate\":\"https:\/\/www.segoviaguitaracademy.com\/?s={search_term_string}\"},\"query-input\":{\"@type\":\"PropertyValueSpecification\",\"valueRequired\":true,\"valueName\":\"search_term_string\"}}],\"inLanguage\":\"en-US\"}]}<\/script>\n<!-- \/ Yoast SEO plugin. -->","yoast_head_json":{"title":"La citt\u00e0 delle mille corde 2015 | Segovia Guitar Academy","description":"Aimed for young musicians between 10 and 16 years old, this formative project offers an opportunity for personal and musical growth, through an embracing","robots":{"index":"index","follow":"follow","max-snippet":"max-snippet:-1","max-image-preview":"max-image-preview:large","max-video-preview":"max-video-preview:-1"},"canonical":"https:\/\/www.segoviaguitaracademy.com\/guitar-week\/la-citta-delle-mille-corde-2015\/","og_locale":"en_US","og_type":"article","og_title":"La citt\u00e0 delle mille corde 2015 | Segovia Guitar Academy","og_description":"Aimed for young musicians between 10 and 16 years old, this formative project offers an opportunity for personal and musical growth, through an embracing","og_url":"https:\/\/www.segoviaguitaracademy.com\/guitar-week\/la-citta-delle-mille-corde-2015\/","og_site_name":"Segovia Guitar Academy","article_modified_time":"2019-01-30T14:50:13+00:00","twitter_card":"summary_large_image","twitter_misc":{"Est. reading time":"2 minutes"},"schema":{"@context":"https:\/\/schema.org","@graph":[{"@type":"WebPage","@id":"https:\/\/www.segoviaguitaracademy.com\/guitar-week\/la-citta-delle-mille-corde-2015\/","url":"https:\/\/www.segoviaguitaracademy.com\/guitar-week\/la-citta-delle-mille-corde-2015\/","name":"La citt\u00e0 delle mille corde 2015 | Segovia Guitar Academy","isPartOf":{"@id":"https:\/\/www.segoviaguitaracademy.com\/#website"},"datePublished":"2017-10-12T09:25:49+00:00","dateModified":"2019-01-30T14:50:13+00:00","description":"Aimed for young musicians between 10 and 16 years old, this formative project offers an opportunity for personal and musical growth, through an embracing","breadcrumb":{"@id":"https:\/\/www.segoviaguitaracademy.com\/guitar-week\/la-citta-delle-mille-corde-2015\/#breadcrumb"},"inLanguage":"en-US","potentialAction":[{"@type":"ReadAction","target":["https:\/\/www.segoviaguitaracademy.com\/guitar-week\/la-citta-delle-mille-corde-2015\/"]}]},{"@type":"BreadcrumbList","@id":"https:\/\/www.segoviaguitaracademy.com\/guitar-week\/la-citta-delle-mille-corde-2015\/#breadcrumb","itemListElement":[{"@type":"ListItem","position":1,"name":"Home","item":"https:\/\/www.segoviaguitaracademy.com\/en\/"},{"@type":"ListItem","position":2,"name":"Guitar Week","item":"https:\/\/www.segoviaguitaracademy.com\/guitar-week\/"},{"@type":"ListItem","position":3,"name":"La citt\u00e0 delle mille corde 2015"}]},{"@type":"WebSite","@id":"https:\/\/www.segoviaguitaracademy.com\/#website","url":"https:\/\/www.segoviaguitaracademy.com\/","name":"Segovia Guitar Academy","description":"","potentialAction":[{"@type":"SearchAction","target":{"@type":"EntryPoint","urlTemplate":"https:\/\/www.segoviaguitaracademy.com\/?s={search_term_string}"},"query-input":{"@type":"PropertyValueSpecification","valueRequired":true,"valueName":"search_term_string"}}],"inLanguage":"en-US"}]}},"_links":{"self":[{"href":"https:\/\/www.segoviaguitaracademy.com\/en\/wp-json\/wp\/v2\/pages\/77402","targetHints":{"allow":["GET"]}}],"collection":[{"href":"https:\/\/www.segoviaguitaracademy.com\/en\/wp-json\/wp\/v2\/pages"}],"about":[{"href":"https:\/\/www.segoviaguitaracademy.com\/en\/wp-json\/wp\/v2\/types\/page"}],"author":[{"embeddable":true,"href":"https:\/\/www.segoviaguitaracademy.com\/en\/wp-json\/wp\/v2\/users\/1"}],"replies":[{"embeddable":true,"href":"https:\/\/www.segoviaguitaracademy.com\/en\/wp-json\/wp\/v2\/comments?post=77402"}],"version-history":[{"count":3,"href":"https:\/\/www.segoviaguitaracademy.com\/en\/wp-json\/wp\/v2\/pages\/77402\/revisions"}],"predecessor-version":[{"id":77414,"href":"https:\/\/www.segoviaguitaracademy.com\/en\/wp-json\/wp\/v2\/pages\/77402\/revisions\/77414"}],"up":[{"embeddable":true,"href":"https:\/\/www.segoviaguitaracademy.com\/en\/wp-json\/wp\/v2\/pages\/77388"}],"wp:attachment":[{"href":"https:\/\/www.segoviaguitaracademy.com\/en\/wp-json\/wp\/v2\/media?parent=77402"}],"curies":[{"name":"wp","href":"https:\/\/api.w.org\/{rel}","templated":true}]}}