{"id":77955,"date":"2017-09-20T17:26:37","date_gmt":"2017-09-20T15:26:37","guid":{"rendered":"https:\/\/www.segoviaguitaracademy.com\/wp\/docenti\/josue-gutierrez\/"},"modified":"2025-12-12T12:14:34","modified_gmt":"2025-12-12T11:14:34","slug":"josue-gutierrez","status":"publish","type":"page","link":"https:\/\/www.segoviaguitaracademy.com\/en\/teachers\/josue-gutierrez\/","title":{"rendered":"Josu\u00e8 Guti\u00e9rrez"},"content":{"rendered":"<div class=\"wpb-content-wrapper\"><p>[vc_row][vc_column width=&#8221;1\/4&#8243;][vc_widget_sidebar sidebar_id=&#8221;sidebar-shop&#8221;][\/vc_column][vc_column width=&#8221;3\/4&#8243;][vc_single_image image=&#8221;77752&#8243; img_size=&#8221;full&#8221; el_class=&#8221;img-docenti&#8221;][vc_column_text]<\/p>\n<h1><strong>Josu\u00e8 Guti\u00e9rrez<\/strong><\/h1>\n<p>[\/vc_column_text][vc_column_text css=&#8221;&#8221; el_class=&#8221;txt-docenti&#8221;]He lives in Pordenone, where he teaches Classical Guitar and Chamber Music. For many years, he has been involved with the Segovia Guitar Academy in the diffusion of the Classical Guitar as a tool for the Artistic and Human development of children through the discovery of their own expressive dimension. Recently he has been teaching classical guitar at the secondary school specializing in music in Portogruaro Veneto. He works as a Concert performer, Teacher, Jury member and Artistic director. He has held numerous concerts, conferences, seminars and masterclasses in Mexico, Austria, Croatia, Italy, the Czech Republic, Slovenia, Spain and Switzerland. In 2012 the Mexican TV show &#8220;Chiapanecos en el mundo&#8221; dedicated an episode to his artistic career.<\/p>\n<p>He was a member of the Nahual Trio, founded in 2002, with which he has soustained an intense concert activity in Mexico and Europe. Among the numerous awards obtained by the trio stand out the 12 first prizes won in important national and international chamber competitions, the Medal of the President of the Senate of the Italian Republic, awarded by the International Chamber Music Competition &#8220;Gaetano Zinetti&#8221; of Verona and the Diploma of Merit of the Chigiana Academy of Siena conferred by Oscar Ghiglia to the Best Student of the course.<\/p>\n<p>The Italian composer Marco De Biasi has dedicated many chamber and solo works to this formation and its members, including his Concert for Three Guitars and Orchestra, which premiered in 2008.<\/p>\n<p>The CD &#8220;Trio Nahual&#8221;, released in 2010, obtained great success with the critics and public support. The musicologist Ermanno Brignolo, in a review published by the Italian magazine &#8220;SeiCorde&#8221;, wrote:<\/p>\n<p><em>&#8220;&#8230; The three guitarists know, like few others in history, to create a true trio, combining their strong personalities in an ensemble compact, homogeneous, giving the impression that the sound is coming from a single instrument.&#8221;<\/em><\/p>\n<p>Josu\u00e9 Guti\u00e9rrez was born in 1978 in Mexico. After starting the study of the guitar in his country, he moved to Italy in order to continue his musical training with Paolo Pegoraro and Stefano Viola at the &#8220;Francisco T\u00e1rrega&#8221; Academy in Pordenone and the Conservatories of Castelfranco Veneto and Udine.<\/p>\n<p>He obtained a Diploma in Guitar with maximum marks and a Specialist Degree with maximum marks and highest honors. His thesis &#8220;Johann Sebastian Bach: Ciaccona&#8221; was published by the musicological magazine \u201cIl Fronimo\u201d of Milan and by Farandola Editrice di Pordenone.<\/p>\n<p>Among the several masterclasses he attended during his training, those held by Stefano Grondona, Pavel Steidl and Oscar Ghiglia stand out.<\/p>\n<p>He also attended Early Music Seminars held by harpsichordists Ilario Gregoletto, Robert Hill and Richard Lluby, and studied Viola da gamba with Daniele Cernutto. In addition to this, he specialized with Alessandra Costaperaria in Pedagogy and Music Teaching.<\/p>\n<p>Apart from his great love of music, his interests range in fields such as reading, photography, writing, drawing and Buddhism.<\/p>\n<p>He plays a guitar made by luthiers Mirko Migliorini and Marco Bortolozzo[\/vc_column_text][\/vc_column][\/vc_row]<\/p>\n<\/div>","protected":false},"excerpt":{"rendered":"<p>[vc_row][vc_column width=&#8221;1\/4&#8243;][vc_widget_sidebar sidebar_id=&#8221;sidebar-shop&#8221;][\/vc_column][vc_column width=&#8221;3\/4&#8243;][vc_single_image image=&#8221;77752&#8243; img_size=&#8221;full&#8221; el_class=&#8221;img-docenti&#8221;][vc_column_text] Josu\u00e8 Guti\u00e9rrez [\/vc_column_text][vc_column_text css=&#8221;&#8221; el_class=&#8221;txt-docenti&#8221;]He lives in Pordenone, where he teaches Classical Guitar and Chamber Music. For many years, he has been involved with the Segovia Guitar Academy in the diffusion of the Classical Guitar as a tool for the Artistic and Human development of children through the [&hellip;]<\/p>\n","protected":false},"author":1,"featured_media":0,"parent":77938,"menu_order":0,"comment_status":"closed","ping_status":"closed","template":"","meta":{"_acf_changed":false,"inline_featured_image":false,"footnotes":""},"class_list":["post-77955","page","type-page","status-publish","hentry"],"acf":[],"yoast_head":"<!-- This site is optimized with the Yoast SEO plugin v26.4 - https:\/\/yoast.com\/wordpress\/plugins\/seo\/ -->\n<title>Josu\u00e8 Guti\u00e9rrez | Segovia Guitar Academy<\/title>\n<meta name=\"description\" content=\"Josu\u00e8 Guti\u00e9rrez He lives in Pordenone, where he teaches Classical Guitar and Chamber Music. For many years, he has been involved with the Segovia Guitar\" \/>\n<meta name=\"robots\" content=\"index, follow, max-snippet:-1, max-image-preview:large, max-video-preview:-1\" \/>\n<link rel=\"canonical\" href=\"https:\/\/www.segoviaguitaracademy.com\/en\/teachers\/josue-gutierrez\/\" \/>\n<meta property=\"og:locale\" content=\"en_US\" \/>\n<meta property=\"og:type\" content=\"article\" \/>\n<meta property=\"og:title\" content=\"Josu\u00e8 Guti\u00e9rrez | Segovia Guitar Academy\" \/>\n<meta property=\"og:description\" content=\"Josu\u00e8 Guti\u00e9rrez He lives in Pordenone, where he teaches Classical Guitar and Chamber Music. For many years, he has been involved with the Segovia Guitar\" \/>\n<meta property=\"og:url\" content=\"https:\/\/www.segoviaguitaracademy.com\/en\/teachers\/josue-gutierrez\/\" \/>\n<meta property=\"og:site_name\" content=\"Segovia Guitar Academy\" \/>\n<meta property=\"article:modified_time\" content=\"2025-12-12T11:14:34+00:00\" \/>\n<meta name=\"twitter:card\" content=\"summary_large_image\" \/>\n<meta name=\"twitter:label1\" content=\"Est. reading time\" \/>\n\t<meta name=\"twitter:data1\" content=\"2 minutes\" \/>\n<script type=\"application\/ld+json\" class=\"yoast-schema-graph\">{\"@context\":\"https:\/\/schema.org\",\"@graph\":[{\"@type\":\"WebPage\",\"@id\":\"https:\/\/www.segoviaguitaracademy.com\/en\/teachers\/josue-gutierrez\/\",\"url\":\"https:\/\/www.segoviaguitaracademy.com\/en\/teachers\/josue-gutierrez\/\",\"name\":\"Josu\u00e8 Guti\u00e9rrez | Segovia Guitar Academy\",\"isPartOf\":{\"@id\":\"https:\/\/www.segoviaguitaracademy.com\/#website\"},\"datePublished\":\"2017-09-20T15:26:37+00:00\",\"dateModified\":\"2025-12-12T11:14:34+00:00\",\"description\":\"Josu\u00e8 Guti\u00e9rrez He lives in Pordenone, where he teaches Classical Guitar and Chamber Music. For many years, he has been involved with the Segovia Guitar\",\"breadcrumb\":{\"@id\":\"https:\/\/www.segoviaguitaracademy.com\/en\/teachers\/josue-gutierrez\/#breadcrumb\"},\"inLanguage\":\"en-US\",\"potentialAction\":[{\"@type\":\"ReadAction\",\"target\":[\"https:\/\/www.segoviaguitaracademy.com\/en\/teachers\/josue-gutierrez\/\"]}]},{\"@type\":\"BreadcrumbList\",\"@id\":\"https:\/\/www.segoviaguitaracademy.com\/en\/teachers\/josue-gutierrez\/#breadcrumb\",\"itemListElement\":[{\"@type\":\"ListItem\",\"position\":1,\"name\":\"Home\",\"item\":\"https:\/\/www.segoviaguitaracademy.com\/en\/\"},{\"@type\":\"ListItem\",\"position\":2,\"name\":\"Teachers\",\"item\":\"https:\/\/www.segoviaguitaracademy.com\/en\/teachers\/\"},{\"@type\":\"ListItem\",\"position\":3,\"name\":\"Josu\u00e8 Guti\u00e9rrez\"}]},{\"@type\":\"WebSite\",\"@id\":\"https:\/\/www.segoviaguitaracademy.com\/#website\",\"url\":\"https:\/\/www.segoviaguitaracademy.com\/\",\"name\":\"Segovia Guitar Academy\",\"description\":\"\",\"potentialAction\":[{\"@type\":\"SearchAction\",\"target\":{\"@type\":\"EntryPoint\",\"urlTemplate\":\"https:\/\/www.segoviaguitaracademy.com\/?s={search_term_string}\"},\"query-input\":{\"@type\":\"PropertyValueSpecification\",\"valueRequired\":true,\"valueName\":\"search_term_string\"}}],\"inLanguage\":\"en-US\"}]}<\/script>\n<!-- \/ Yoast SEO plugin. -->","yoast_head_json":{"title":"Josu\u00e8 Guti\u00e9rrez | Segovia Guitar Academy","description":"Josu\u00e8 Guti\u00e9rrez He lives in Pordenone, where he teaches Classical Guitar and Chamber Music. For many years, he has been involved with the Segovia Guitar","robots":{"index":"index","follow":"follow","max-snippet":"max-snippet:-1","max-image-preview":"max-image-preview:large","max-video-preview":"max-video-preview:-1"},"canonical":"https:\/\/www.segoviaguitaracademy.com\/en\/teachers\/josue-gutierrez\/","og_locale":"en_US","og_type":"article","og_title":"Josu\u00e8 Guti\u00e9rrez | Segovia Guitar Academy","og_description":"Josu\u00e8 Guti\u00e9rrez He lives in Pordenone, where he teaches Classical Guitar and Chamber Music. For many years, he has been involved with the Segovia Guitar","og_url":"https:\/\/www.segoviaguitaracademy.com\/en\/teachers\/josue-gutierrez\/","og_site_name":"Segovia Guitar Academy","article_modified_time":"2025-12-12T11:14:34+00:00","twitter_card":"summary_large_image","twitter_misc":{"Est. reading time":"2 minutes"},"schema":{"@context":"https:\/\/schema.org","@graph":[{"@type":"WebPage","@id":"https:\/\/www.segoviaguitaracademy.com\/en\/teachers\/josue-gutierrez\/","url":"https:\/\/www.segoviaguitaracademy.com\/en\/teachers\/josue-gutierrez\/","name":"Josu\u00e8 Guti\u00e9rrez | Segovia Guitar Academy","isPartOf":{"@id":"https:\/\/www.segoviaguitaracademy.com\/#website"},"datePublished":"2017-09-20T15:26:37+00:00","dateModified":"2025-12-12T11:14:34+00:00","description":"Josu\u00e8 Guti\u00e9rrez He lives in Pordenone, where he teaches Classical Guitar and Chamber Music. For many years, he has been involved with the Segovia Guitar","breadcrumb":{"@id":"https:\/\/www.segoviaguitaracademy.com\/en\/teachers\/josue-gutierrez\/#breadcrumb"},"inLanguage":"en-US","potentialAction":[{"@type":"ReadAction","target":["https:\/\/www.segoviaguitaracademy.com\/en\/teachers\/josue-gutierrez\/"]}]},{"@type":"BreadcrumbList","@id":"https:\/\/www.segoviaguitaracademy.com\/en\/teachers\/josue-gutierrez\/#breadcrumb","itemListElement":[{"@type":"ListItem","position":1,"name":"Home","item":"https:\/\/www.segoviaguitaracademy.com\/en\/"},{"@type":"ListItem","position":2,"name":"Teachers","item":"https:\/\/www.segoviaguitaracademy.com\/en\/teachers\/"},{"@type":"ListItem","position":3,"name":"Josu\u00e8 Guti\u00e9rrez"}]},{"@type":"WebSite","@id":"https:\/\/www.segoviaguitaracademy.com\/#website","url":"https:\/\/www.segoviaguitaracademy.com\/","name":"Segovia Guitar Academy","description":"","potentialAction":[{"@type":"SearchAction","target":{"@type":"EntryPoint","urlTemplate":"https:\/\/www.segoviaguitaracademy.com\/?s={search_term_string}"},"query-input":{"@type":"PropertyValueSpecification","valueRequired":true,"valueName":"search_term_string"}}],"inLanguage":"en-US"}]}},"_links":{"self":[{"href":"https:\/\/www.segoviaguitaracademy.com\/en\/wp-json\/wp\/v2\/pages\/77955","targetHints":{"allow":["GET"]}}],"collection":[{"href":"https:\/\/www.segoviaguitaracademy.com\/en\/wp-json\/wp\/v2\/pages"}],"about":[{"href":"https:\/\/www.segoviaguitaracademy.com\/en\/wp-json\/wp\/v2\/types\/page"}],"author":[{"embeddable":true,"href":"https:\/\/www.segoviaguitaracademy.com\/en\/wp-json\/wp\/v2\/users\/1"}],"replies":[{"embeddable":true,"href":"https:\/\/www.segoviaguitaracademy.com\/en\/wp-json\/wp\/v2\/comments?post=77955"}],"version-history":[{"count":4,"href":"https:\/\/www.segoviaguitaracademy.com\/en\/wp-json\/wp\/v2\/pages\/77955\/revisions"}],"predecessor-version":[{"id":84163,"href":"https:\/\/www.segoviaguitaracademy.com\/en\/wp-json\/wp\/v2\/pages\/77955\/revisions\/84163"}],"up":[{"embeddable":true,"href":"https:\/\/www.segoviaguitaracademy.com\/en\/wp-json\/wp\/v2\/pages\/77938"}],"wp:attachment":[{"href":"https:\/\/www.segoviaguitaracademy.com\/en\/wp-json\/wp\/v2\/media?parent=77955"}],"curies":[{"name":"wp","href":"https:\/\/api.w.org\/{rel}","templated":true}]}}