{"id":78157,"date":"2019-02-01T10:46:08","date_gmt":"2019-02-01T09:46:08","guid":{"rendered":"https:\/\/www.segoviaguitaracademy.com\/wp\/?page_id=78157"},"modified":"2019-02-19T14:46:55","modified_gmt":"2019-02-19T13:46:55","slug":"privacy-policy","status":"publish","type":"page","link":"https:\/\/www.segoviaguitaracademy.com\/en\/privacy-policy\/","title":{"rendered":"Privacy policy"},"content":{"rendered":"<div class=\"wpb-content-wrapper\"><p>[vc_row css=&#8221;.vc_custom_1517394523461{background-color: #a05b4a99 !important;}&#8221;][vc_column css=&#8221;.vc_custom_1517395797499{padding-top: 0px !important;}&#8221; el_class=&#8221;size-contatti&#8221;][vc_column_text el_class=&#8221;txt-contatti&#8221; css=&#8221;.vc_custom_1549014175481{padding-top: 10px !important;}&#8221;]<\/p>\n<h1 style=\"text-align: right;\"><strong>Privacy policy<\/strong><\/h1>\n<p>[\/vc_column_text][\/vc_column][\/vc_row][vc_row][vc_column][vc_empty_space][\/vc_column][\/vc_row][vc_row][vc_column width=&#8221;1\/6&#8243; offset=&#8221;vc_col-md-offset-0 vc_hidden-md vc_col-sm-offset-0 vc_hidden-sm vc_hidden-xs&#8221;][\/vc_column][vc_column width=&#8221;2\/3&#8243;][vc_column_text]<\/p>\n<h2>PRIVACY POLICY SITO INTERNET<\/h2>\n<h3>PERCHE\u2019 QUESTO AVVISO<\/h3>\n<p>In questa pagina si descrivono le modalit\u00e0 di gestione del sito in riferimento al trattamento dei dati personali degli utenti che lo consultano.<br \/>\nSi tratta di un\u2019informativa che \u00e8 resa anche ai sensi dell&#8217;art. 13 del d.lgs. n. 196\/2003 &#8211; Codice in materia di protezione dei dati personali a coloro che interagiscono con i servizi web accessibili per via telematica a partire dall\u2019indirizzo:<\/p>\n<blockquote class=\"wp-embedded-content\" data-secret=\"LTohtYoYPM\"><p><a href=\"https:\/\/www.segoviaguitaracademy.com\/\">Homepage<\/a><\/p><\/blockquote>\n<p><iframe loading=\"lazy\" class=\"wp-embedded-content\" sandbox=\"allow-scripts\" security=\"restricted\" style=\"position: absolute; visibility: hidden;\" title=\"&#8220;Homepage&#8221; &#8212; Segovia Guitar Academy\" src=\"https:\/\/www.segoviaguitaracademy.com\/embed\/#?secret=HsyPOHoyM7#?secret=LTohtYoYPM\" data-secret=\"LTohtYoYPM\" width=\"600\" height=\"338\" frameborder=\"0\" marginwidth=\"0\" marginheight=\"0\" scrolling=\"no\"><\/iframe><\/p>\n<p>L\u2019informativa \u00e8 resa solo per il sito in oggetto e non anche per altri siti web eventualmente consultati dall\u2019utente tramite link.<\/p>\n<p>L\u2019informativa si ispira anche alla Raccomandazione n. 2\/2001 che le autorit\u00e0 europee per la protezione dei dati personali, riunite nel Gruppo istituito dall\u2019art. 29 della direttiva n. 95\/46\/CE, hanno adottato il 17 maggio 2001 per individuare alcuni requisiti minimi per la raccolta di dati personali on-line, e, in particolare, le modalit\u00e0, i tempi e la natura delle informazioni che i titolari del trattamento devono fornire agli utenti quando questi si collegano a pagine web, indipendentemente dagli scopi del collegamento. L\u2019informativa \u00e8 inoltre conforme al Provvedimento del Garante della Privacy n.229 del 28\/05\/2014 (\u201cIndividuazione delle modalit\u00e0 semplificate per l&#8217;informativa e l&#8217;acquisizione del consenso per l&#8217;uso dei cookie\u201d).<\/p>\n<p>&nbsp;<\/p>\n<h3>IL \u201cTITOLARE\u201d DEL TRATTAMENTO<\/h3>\n<p>A seguito della consultazione di questo sito possono essere trattati dati relativi a persone identificate o identificabili.<br \/>\nIl \u201ctitolare\u201d del loro trattamento \u00e8 Paolo Pegoraro, che ha sede in Pordenone, via Piave 15\/a.<\/p>\n<p>&nbsp;<\/p>\n<h3>LUOGO DI TRATTAMENTO DEI DATI<\/h3>\n<p>I trattamenti connessi ai servizi web di questo sito hanno luogo presso Care, Comunicazione Integrata-Pordenone e sono curati solo da personale tecnico dell\u2019Ufficio incaricato del trattamento, oppure da eventuali incaricati di occasionali operazioni di manutenzione.<br \/>\nNessun dato derivante dal servizio web viene comunicato o diffuso.<\/p>\n<p>I dati personali forniti dagli utenti che inoltrano richieste di invio di informazioni e\/o materiale informativo (preventivi, depliant, cataloghi, Cd-rom, newsletter, relazioni annuali, ecc.) sono utilizzati al solo fine di eseguire il servizio o la prestazione richiesta e sono comunicati a terzi nel solo caso in cui ci\u00f2 sia a tal fine necessario.<\/p>\n<p>&nbsp;<\/p>\n<h3>TIPI DI DATI TRATTATI<\/h3>\n<p>Dati di navigazione<\/p>\n<p>I sistemi informatici e le procedure software preposte al funzionamento di questo sito web acquisiscono, nel corso del loro normale esercizio, alcuni dati personali la cui trasmissione \u00e8 implicita nell\u2019uso dei protocolli di comunicazione di Internet.<br \/>\nSi tratta di informazioni che non sono raccolte per essere associate a interessati identificati, ma che per loro stessa natura potrebbero, attraverso elaborazioni ed associazioni con dati detenuti da terzi, permettere di identificare gli utenti.<br \/>\nIn questa categoria di dati rientrano gli indirizzi IP o i nomi a dominio dei computer utilizzati dagli utenti che si connettono al sito, gli indirizzi in notazione URI (Uniform Resource Identifier) delle risorse richieste, l\u2019orario della richiesta, il metodo utilizzato nel sottoporre la richiesta al server, la dimensione del file ottenuto in risposta, il codice numerico indicante lo stato della risposta data dal server (buon fine, errore, ecc.) ed altri parametri relativi al sistema operativo e all\u2019ambiente informatico dell\u2019utente.<\/p>\n<p>Questi dati vengono utilizzati al solo fine di ricavare informazioni statistiche anonime sull\u2019uso del sito e per controllarne il corretto funzionamento e vengono cancellati immediatamente dopo l\u2019elaborazione. I dati potrebbero essere utilizzati per l\u2019accertamento di responsabilit\u00e0 in caso di ipotetici reati informatici ai danni del sito: salva questa eventualit\u00e0, allo stato i dati sui contatti web non persistono per pi\u00f9 di sette giorni.<\/p>\n<p>Dati forniti volontariamente dall\u2019utente<\/p>\n<p>L\u2019invio facoltativo, esplicito e volontario di posta elettronica agli indirizzi indicati su questo sito o la compilazione del form di richiesta informazioni comporta la successiva acquisizione dell\u2019indirizzo del mittente, necessario per rispondere alle richieste, nonch\u00e9 degli eventuali altri dati personali inseriti nella missiva.<br \/>\nSpecifiche informative di sintesi verranno progressivamente riportate o visualizzate nelle pagine del sito predisposte per particolari servizi a richiesta.<\/p>\n<p>&nbsp;<\/p>\n<h3>COOKIES<\/h3>\n<p>Nessun dato personale degli utenti viene in proposito acquisito dal sito.<\/p>\n<p>Non viene fatto uso di cookies per la trasmissione di informazioni di carattere personale, n\u00e9 vengono utilizzati c.d. cookies persistenti di alcun tipo, ovvero sistemi per il tracciamento degli utenti, ovvero cookies di profilazione.<\/p>\n<p>L\u2019uso di c.d. cookies di sessione (che non vengono memorizzati in modo persistente sul computer dell\u2019utente e svaniscono con la chiusura del browser) o di altri cookies tecnici \u00e8 strettamente limitato alla trasmissione di identificativi di sessione (costituiti da numeri casuali generati dal server) necessari per consentire l\u2019esplorazione sicura ed efficiente del sito.<\/p>\n<p>I c.d. cookies di sessione utilizzati in questo sito evitano il ricorso ad altre tecniche informatiche potenzialmente pregiudizievoli per la riservatezza della navigazione degli utenti e non consentono l\u2019acquisizione di dati personali identificativi dell\u2019utente.<\/p>\n<p>Forniamo per completezza una descrizione delle due principali categorie di cookies, ribadendo che questo sito fa uso esclusivamente di cookies tecnici.<\/p>\n<p>a. Cookies tecnici.<br \/>\nI cookie tecnici sono quelli utilizzati al solo fine di &#8220;effettuare la trasmissione di una comunicazione su una rete di comunicazione elettronica, o nella misura strettamente necessaria al fornitore di un servizio della societ\u00e0 dell&#8217;informazione esplicitamente richiesto dall&#8217;abbonato o dall&#8217;utente a erogare tale servizio&#8221; (cfr. art. 122, comma 1, del Codice).<br \/>\nEssi non vengono utilizzati per scopi ulteriori e sono normalmente installati direttamente dal titolare o gestore del sito web. Possono essere suddivisi in cookie di navigazione o di sessione, che garantiscono la normale navigazione e fruizione del sito web (permettendo, ad esempio, di realizzare un acquisto o autenticarsi per accedere ad aree riservate); cookie analytics, assimilati ai cookie tecnici laddove utilizzati direttamente dal gestore del sito per raccogliere informazioni, in forma aggregata, sul numero degli utenti e su come questi visitano il sito stesso; cookie di funzionalit\u00e0, che permettono all&#8217;utente la navigazione in funzione di una serie di criteri selezionati (ad esempio, la lingua, i prodotti selezionati per l&#8217;acquisto) al fine di migliorare il servizio reso allo stesso.<br \/>\nPer l&#8217;installazione di tali cookie non \u00e8 richiesto il preventivo consenso degli utenti, mentre resta fermo l&#8217;obbligo di fornire la presente informativa ai sensi dell&#8217;art. 13 del Codice.<\/p>\n<p>b. Cookies di profilazione.<br \/>\nI cookie di profilazione sono volti a creare profili relativi all&#8217;utente e vengono utilizzati al fine di inviare messaggi pubblicitari in linea con le preferenze manifestate dallo stesso nell&#8217;ambito della navigazione in rete. In ragione della particolare invasivit\u00e0 che tali dispositivi possono avere nell&#8217;ambito della sfera privata degli utenti, la normativa europea e italiana prevede che l&#8217;utente debba essere adeguatamente informato sull&#8217;uso degli stessi ed esprimere cos\u00ec il proprio valido consenso.<br \/>\nAd essi si riferisce l&#8217;art. 122 del Codice laddove prevede che &#8220;l&#8217;archiviazione delle informazioni nell&#8217;apparecchio terminale di un contraente o di un utente o l&#8217;accesso a informazioni gi\u00e0 archiviate sono consentiti unicamente a condizione che il contraente o l&#8217;utente abbia espresso il proprio consenso dopo essere stato informato con le modalit\u00e0 semplificate di cui all&#8217;articolo 13, comma 3&#8221; (art. 122, comma 1, del Codice).<br \/>\nQuesto sito non utilizza in nessun modo cookies di profilazione.<\/p>\n<h3>FACOLTATIVITA\u2019 DEL CONFERIMENTO DEI DATI<\/h3>\n<p>A parte quanto specificato per i dati di navigazione, l\u2019utente \u00e8 libero di fornire i dati personali riportati nei moduli di richiesta o comunque indicati in contatti per sollecitare l\u2019invio di informazioni, materiale informativo o di altre comunicazioni.<\/p>\n<p>Il loro mancato conferimento pu\u00f2 comportare l\u2019impossibilit\u00e0 di ottenere quanto richiesto.<\/p>\n<p>Per completezza va ricordato che in alcuni casi (non oggetto dell\u2019ordinaria gestione di questo sito) l\u2019Autorit\u00e0 pu\u00f2 richiedere notizie e informazioni ai sensi dell&#8217;art 157 del d.lgs. n. 196\/2003, ai fini del controllo sul trattamento dei dati personali. In questi casi la risposta \u00e8 obbligatoria a pena di sanzione amministrativa.<\/p>\n<p>&nbsp;<\/p>\n<h3>MODALITA\u2019 DEL TRATTAMENTO<\/h3>\n<p>I dati personali sono trattati con strumenti automatizzati per il tempo strettamente necessario a conseguire gli scopi per cui sono stati raccolti.<\/p>\n<p>Specifiche misure di sicurezza sono osservate per prevenire la perdita dei dati, usi illeciti o non corretti ed accessi non autorizzati.<\/p>\n<p>&nbsp;<\/p>\n<h3>DIRITTI DEGLI INTERESSATI<\/h3>\n<p>I soggetti cui si riferiscono i dati personali hanno il diritto in qualunque momento di ottenere la conferma dell\u2019esistenza o meno dei medesimi dati e di conoscerne il contenuto e l\u2019origine, verificarne l\u2019esattezza o chiederne l\u2019integrazione o l\u2019aggiornamento, oppure la rettificazione (art. 7 del d.lgs. n. 196\/2003).<\/p>\n<p>Ai sensi del medesimo articolo si ha il diritto di chiedere la cancellazione, la trasformazione in forma anonima o il blocco dei dati trattati in violazione di legge, nonch\u00e9 di opporsi in ogni caso, per motivi legittimi, al loro trattamento.<\/p>\n<p>Le richieste vanno rivolte al Titolare del Trattamento:<br \/>\n&#8211; via e-mail, all&#8217;indirizzo:<br \/>\ninfo@segoviaguitaracademy.com<br \/>\noppure<br \/>\npaolopegoraro68@gmail.com<br \/>\n&#8211; via fax: \u2026\u2026\u2026\u2026\u2026\u2026\u2026\u2026\u2026\u2026\u2026..<br \/>\n&#8211; oppure via posta, all\u2019indirizzo: Segovia Guitar Academy, Vicolo delle Acque 2, 33170 Pordenone[\/vc_column_text][\/vc_column][vc_column width=&#8221;1\/6&#8243;][\/vc_column][\/vc_row]<\/p>\n<\/div>","protected":false},"excerpt":{"rendered":"<p>[vc_row css=&#8221;.vc_custom_1517394523461{background-color: #a05b4a99 !important;}&#8221;][vc_column css=&#8221;.vc_custom_1517395797499{padding-top: 0px !important;}&#8221; el_class=&#8221;size-contatti&#8221;][vc_column_text el_class=&#8221;txt-contatti&#8221; css=&#8221;.vc_custom_1549014175481{padding-top: 10px !important;}&#8221;] Privacy policy [\/vc_column_text][\/vc_column][\/vc_row][vc_row][vc_column][vc_empty_space][\/vc_column][\/vc_row][vc_row][vc_column width=&#8221;1\/6&#8243; offset=&#8221;vc_col-md-offset-0 vc_hidden-md vc_col-sm-offset-0 vc_hidden-sm vc_hidden-xs&#8221;][\/vc_column][vc_column width=&#8221;2\/3&#8243;][vc_column_text] PRIVACY POLICY SITO INTERNET PERCHE\u2019 QUESTO AVVISO In questa pagina si descrivono le modalit\u00e0 di gestione del sito in riferimento al trattamento dei dati personali degli utenti che lo consultano. Si tratta di [&hellip;]<\/p>\n","protected":false},"author":1,"featured_media":0,"parent":0,"menu_order":0,"comment_status":"closed","ping_status":"closed","template":"","meta":{"_acf_changed":false,"inline_featured_image":false,"footnotes":""},"class_list":["post-78157","page","type-page","status-publish","hentry"],"acf":[],"yoast_head":"<!-- This site is optimized with the Yoast SEO plugin v26.4 - https:\/\/yoast.com\/wordpress\/plugins\/seo\/ -->\n<title>Privacy policy | Segovia Guitar Academy<\/title>\n<meta name=\"description\" content=\"Privacy policy PRIVACY POLICY SITO INTERNET PERCHE\u2019 QUESTO AVVISO In questa pagina si descrivono le modalit\u00e0 di gestione del sito in riferimento al\" \/>\n<meta name=\"robots\" content=\"index, follow, max-snippet:-1, max-image-preview:large, max-video-preview:-1\" \/>\n<link rel=\"canonical\" href=\"https:\/\/www.segoviaguitaracademy.com\/privacy-policy\/\" \/>\n<meta property=\"og:locale\" content=\"en_US\" \/>\n<meta property=\"og:type\" content=\"article\" \/>\n<meta property=\"og:title\" content=\"Privacy policy | Segovia Guitar Academy\" \/>\n<meta property=\"og:description\" content=\"Privacy policy PRIVACY POLICY SITO INTERNET PERCHE\u2019 QUESTO AVVISO In questa pagina si descrivono le modalit\u00e0 di gestione del sito in riferimento al\" \/>\n<meta property=\"og:url\" content=\"https:\/\/www.segoviaguitaracademy.com\/privacy-policy\/\" \/>\n<meta property=\"og:site_name\" content=\"Segovia Guitar Academy\" \/>\n<meta property=\"article:modified_time\" content=\"2019-02-19T13:46:55+00:00\" \/>\n<meta name=\"twitter:card\" content=\"summary_large_image\" \/>\n<meta name=\"twitter:label1\" content=\"Est. reading time\" \/>\n\t<meta name=\"twitter:data1\" content=\"8 minutes\" \/>\n<script type=\"application\/ld+json\" class=\"yoast-schema-graph\">{\"@context\":\"https:\/\/schema.org\",\"@graph\":[{\"@type\":\"WebPage\",\"@id\":\"https:\/\/www.segoviaguitaracademy.com\/privacy-policy\/\",\"url\":\"https:\/\/www.segoviaguitaracademy.com\/privacy-policy\/\",\"name\":\"Privacy policy | Segovia Guitar Academy\",\"isPartOf\":{\"@id\":\"https:\/\/www.segoviaguitaracademy.com\/#website\"},\"datePublished\":\"2019-02-01T09:46:08+00:00\",\"dateModified\":\"2019-02-19T13:46:55+00:00\",\"description\":\"Privacy policy PRIVACY POLICY SITO INTERNET PERCHE\u2019 QUESTO AVVISO In questa pagina si descrivono le modalit\u00e0 di gestione del sito in riferimento al\",\"breadcrumb\":{\"@id\":\"https:\/\/www.segoviaguitaracademy.com\/privacy-policy\/#breadcrumb\"},\"inLanguage\":\"en-US\",\"potentialAction\":[{\"@type\":\"ReadAction\",\"target\":[\"https:\/\/www.segoviaguitaracademy.com\/privacy-policy\/\"]}]},{\"@type\":\"BreadcrumbList\",\"@id\":\"https:\/\/www.segoviaguitaracademy.com\/privacy-policy\/#breadcrumb\",\"itemListElement\":[{\"@type\":\"ListItem\",\"position\":1,\"name\":\"Home\",\"item\":\"https:\/\/www.segoviaguitaracademy.com\/en\/\"},{\"@type\":\"ListItem\",\"position\":2,\"name\":\"Privacy policy\"}]},{\"@type\":\"WebSite\",\"@id\":\"https:\/\/www.segoviaguitaracademy.com\/#website\",\"url\":\"https:\/\/www.segoviaguitaracademy.com\/\",\"name\":\"Segovia Guitar Academy\",\"description\":\"\",\"potentialAction\":[{\"@type\":\"SearchAction\",\"target\":{\"@type\":\"EntryPoint\",\"urlTemplate\":\"https:\/\/www.segoviaguitaracademy.com\/?s={search_term_string}\"},\"query-input\":{\"@type\":\"PropertyValueSpecification\",\"valueRequired\":true,\"valueName\":\"search_term_string\"}}],\"inLanguage\":\"en-US\"}]}<\/script>\n<!-- \/ Yoast SEO plugin. -->","yoast_head_json":{"title":"Privacy policy | Segovia Guitar Academy","description":"Privacy policy PRIVACY POLICY SITO INTERNET PERCHE\u2019 QUESTO AVVISO In questa pagina si descrivono le modalit\u00e0 di gestione del sito in riferimento al","robots":{"index":"index","follow":"follow","max-snippet":"max-snippet:-1","max-image-preview":"max-image-preview:large","max-video-preview":"max-video-preview:-1"},"canonical":"https:\/\/www.segoviaguitaracademy.com\/privacy-policy\/","og_locale":"en_US","og_type":"article","og_title":"Privacy policy | Segovia Guitar Academy","og_description":"Privacy policy PRIVACY POLICY SITO INTERNET PERCHE\u2019 QUESTO AVVISO In questa pagina si descrivono le modalit\u00e0 di gestione del sito in riferimento al","og_url":"https:\/\/www.segoviaguitaracademy.com\/privacy-policy\/","og_site_name":"Segovia Guitar Academy","article_modified_time":"2019-02-19T13:46:55+00:00","twitter_card":"summary_large_image","twitter_misc":{"Est. reading time":"8 minutes"},"schema":{"@context":"https:\/\/schema.org","@graph":[{"@type":"WebPage","@id":"https:\/\/www.segoviaguitaracademy.com\/privacy-policy\/","url":"https:\/\/www.segoviaguitaracademy.com\/privacy-policy\/","name":"Privacy policy | Segovia Guitar Academy","isPartOf":{"@id":"https:\/\/www.segoviaguitaracademy.com\/#website"},"datePublished":"2019-02-01T09:46:08+00:00","dateModified":"2019-02-19T13:46:55+00:00","description":"Privacy policy PRIVACY POLICY SITO INTERNET PERCHE\u2019 QUESTO AVVISO In questa pagina si descrivono le modalit\u00e0 di gestione del sito in riferimento al","breadcrumb":{"@id":"https:\/\/www.segoviaguitaracademy.com\/privacy-policy\/#breadcrumb"},"inLanguage":"en-US","potentialAction":[{"@type":"ReadAction","target":["https:\/\/www.segoviaguitaracademy.com\/privacy-policy\/"]}]},{"@type":"BreadcrumbList","@id":"https:\/\/www.segoviaguitaracademy.com\/privacy-policy\/#breadcrumb","itemListElement":[{"@type":"ListItem","position":1,"name":"Home","item":"https:\/\/www.segoviaguitaracademy.com\/en\/"},{"@type":"ListItem","position":2,"name":"Privacy policy"}]},{"@type":"WebSite","@id":"https:\/\/www.segoviaguitaracademy.com\/#website","url":"https:\/\/www.segoviaguitaracademy.com\/","name":"Segovia Guitar Academy","description":"","potentialAction":[{"@type":"SearchAction","target":{"@type":"EntryPoint","urlTemplate":"https:\/\/www.segoviaguitaracademy.com\/?s={search_term_string}"},"query-input":{"@type":"PropertyValueSpecification","valueRequired":true,"valueName":"search_term_string"}}],"inLanguage":"en-US"}]}},"_links":{"self":[{"href":"https:\/\/www.segoviaguitaracademy.com\/en\/wp-json\/wp\/v2\/pages\/78157","targetHints":{"allow":["GET"]}}],"collection":[{"href":"https:\/\/www.segoviaguitaracademy.com\/en\/wp-json\/wp\/v2\/pages"}],"about":[{"href":"https:\/\/www.segoviaguitaracademy.com\/en\/wp-json\/wp\/v2\/types\/page"}],"author":[{"embeddable":true,"href":"https:\/\/www.segoviaguitaracademy.com\/en\/wp-json\/wp\/v2\/users\/1"}],"replies":[{"embeddable":true,"href":"https:\/\/www.segoviaguitaracademy.com\/en\/wp-json\/wp\/v2\/comments?post=78157"}],"version-history":[{"count":4,"href":"https:\/\/www.segoviaguitaracademy.com\/en\/wp-json\/wp\/v2\/pages\/78157\/revisions"}],"predecessor-version":[{"id":78193,"href":"https:\/\/www.segoviaguitaracademy.com\/en\/wp-json\/wp\/v2\/pages\/78157\/revisions\/78193"}],"wp:attachment":[{"href":"https:\/\/www.segoviaguitaracademy.com\/en\/wp-json\/wp\/v2\/media?parent=78157"}],"curies":[{"name":"wp","href":"https:\/\/api.w.org\/{rel}","templated":true}]}}