{"id":78161,"date":"2019-02-01T11:03:51","date_gmt":"2019-02-01T10:03:51","guid":{"rendered":"https:\/\/www.segoviaguitaracademy.com\/wp\/?page_id=78161"},"modified":"2019-07-22T11:24:36","modified_gmt":"2019-07-22T09:24:36","slug":"cookie-policy","status":"publish","type":"page","link":"https:\/\/www.segoviaguitaracademy.com\/en\/cookie-policy\/","title":{"rendered":"Cookie policy"},"content":{"rendered":"<div class=\"wpb-content-wrapper\"><p>[vc_row css=&#8221;.vc_custom_1517394523461{background-color: #a05b4a99 !important;}&#8221;][vc_column css=&#8221;.vc_custom_1517395797499{padding-top: 0px !important;}&#8221; el_class=&#8221;size-contatti&#8221;][vc_column_text el_class=&#8221;txt-contatti&#8221; css=&#8221;.vc_custom_1549015204856{padding-top: 10px !important;}&#8221;]<\/p>\n<h1 style=\"text-align: right;\"><strong>Cookie policy<\/strong><\/h1>\n<p>[\/vc_column_text][\/vc_column][\/vc_row][vc_row][vc_column][vc_empty_space][\/vc_column][\/vc_row][vc_row][vc_column width=&#8221;1\/6&#8243; offset=&#8221;vc_col-md-offset-0 vc_hidden-md vc_col-sm-offset-0 vc_hidden-sm vc_hidden-xs&#8221;][\/vc_column][vc_column width=&#8221;2\/3&#8243;][vc_column_text]<\/p>\n<p id=\"text\">Questa sezione \u00e8 dedicata alla nostra Cookie Policy. Essa permette di saperne di pi\u00f9 circa l&#8217;origine e l&#8217;uso delle informazioni di navigazione trattate in occasione del Vostro accesso a questo sito attraverso uno dei nostri contenuti pubblicitari. Questa sezione fornisce informazioni anche circa i Vostri diritti. Questa Policy \u00e8 dunque importante per Voi, che avrete cos\u00ec un&#8217;esperienza positiva ed affidabile delle nostre offerte e dei nostri servizi e per noi, che desideriamo rispondere in modo accurato e completo alle Vostre domande su come utilizziamo i dati di navigazione raccolti per mezzo dei nostri contenuti pubblicitari nonch\u00e9 tener conto dei Vostri desideri. Al fine di garantirVi sempre la migliore navigazione possibile, il nostro sito offre le migliori prestazioni con i cookies abilitati. Utilizziamo i cookies per rendere il nostro sito pi\u00f9 efficace e capire meglio i nostri visitatori, per rendere le informazioni ed i servizi pi\u00f9 efficaci e puntuali. Dati supplementari sono memorizzati solo tramite un Vostro consenso esplicito, ad esempio quando ci fornite dati per una richiesta di informazioni.<\/p>\n<h2>Titolare del Trattamento dei Dati<\/h2>\n<p id=\"text\">PAOLO PEGORARO PER LA SEGOVIA GUITAR ACADEMY<br \/>\np_pegoraro@tin.it<\/p>\n<h2>Cos&#8217;\u00e8 un Cookie?<\/h2>\n<p id=\"text\">Un cookie \u00e8 un piccolo file di testo che viene memorizzato dal dispositivo (computer, tablet, smartphone, ecc.) nel momento in cui un sito web viene visitato da un utente, \u00e8 sicuro e non pu\u00f2 danneggiare il computer, rubare informazioni o violare la privacy del visitatore. I cookies sono utilizzati esclusivamente per memorizzare alcuni dati relativi alla visita dell&#8217;utente per fini statistici (ad esempio le pagine visitate) e per migliorare l&#8217;utilizzo del sito. Il file di testo memorizza informazioni che il sito \u00e8 in grado di leggere nel momento in cui viene consultato in un secondo momento. Alcuni di questi cookies sono necessari al corretto funzionamento del sito, altri sono invece utili al visitatore perch\u00e9 in grado di memorizzare in modo sicuro ad esempio il nome utente o le impostazioni di lingua. Il vantaggio di avere dei cookies installati nel proprio pc \u00e8 quello di non aver pi\u00f9 bisogno di compilare le stesse informazioni ogni qualvolta si voglia accedere ad un sito visitato in precedenza. Tipologie di cookies<\/p>\n<h3>I cookies sono categorizzati come segue:<\/h3>\n<ul>\n<li>Cookie di sessione: i Cookies temporanei che decadono e vengono cancellati automaticamente ogni volta che si chiude il browser e si termina la visita.<\/li>\n<li>Cookie permanenti: Cookies che restano memorizzati nel dispositivo dell&#8217;utente sino al raggiungimento di una determinata data di terminazione (in termini di minuti, giorni o anni dalla creazione\/aggiornamento del cookie).<\/li>\n<li>Cookie di terze parti: Cookies memorizzati per conto di soggetti terzi. \u00c8 possibile controllare ed eliminare i singoli cookies utilizzando le impostazioni della maggior parte dei browser. Ci\u00f2, tuttavia, potrebbe impedire di utilizzare correttamente alcune funzioni del nostro sito web.<\/li>\n<\/ul>\n<h3>Possiamo organizzare i cookies in quattro categorie, in base alle finalit\u00e0 perseguite:<\/h3>\n<ul>\n<li><strong>Strettamente necessari:<\/strong>\u00a0Questi cookies sono indispensabili per il regolare funzionamento del sito e delle relative funzioni. Esempi: cookie di autenticazione.<\/li>\n<li><strong>Funzionalit\u00e0<\/strong>: Questi cookies consentono di migliorare il comfort e l&#8217;usabilit\u00e0 dei siti Internet e di mettere a disposizione svariate funzioni. Ad esempio, nei cookies Funzionalit\u00e0 \u00e8 possibile memorizzare i risultati delle ricerche, le impostazioni della lingua, la dimensione del carattere. I cookies consentono al sito di ricordare le scelte fatte dall&#8217;utente (come il nome, la lingua o la regione di provenienza) e forniscono funzionalit\u00e0 avanzate personalizzate. Essi possono anche essere utilizzati per fornire servizi che hai chiesto come guardare un video o i commenti su un blog. Le informazioni raccolte da questi tipi di cookies possono essere rese anonime e non in grado di monitorare la vostra attivit\u00e0 di navigazione su altri siti web. Utilizzando il nostro sito, l&#8217;utente accetta che tali cookies possono essere installati sul proprio dispositivo.<\/li>\n<li><strong>Performance:<\/strong>\u00a0Questi cookies collezionano informazioni circa le modalit\u00e0 con cui gli utenti usano il sito, per esempio a stabilire quali sono i settori pi\u00f9 popolari del nostro sito, piuttosto che eventuali messaggi di errore che l&#8217;utente riceve dalle pagine web durante la navigazione. Questo ci permette di adattare i contenuti delle pagine Internet ai vostri desideri e al contempo di migliorare i servizi Internet offerti. Questi cookies non raccolgono informazioni che identificano un visitatore. Tutte le informazioni raccolte tramite cookies sono\u00a0 aggregate e quindi anonime. Vengono utilizzati solo per migliorare il funzionamento di un sito web. Utilizzando il nostro sito, l&#8217;utente accetta che tali cookies possono essere installati sul proprio dispositivo.<\/li>\n<li><strong>Pubblicitari:<\/strong>\u00a0Questi cookies sono utilizzati per personalizzare l&#8217;invio delle informazioni e delle comunicazioni pubblicitarie, in funzione degli interessi dell&#8217;utente, ad es. in base alle pagine visitate. Sono anche usati per limitare il numero di volte che visualizzi un singolo annuncio pubblicitario cos\u00ec come per aiutare a misurare l&#8217;efficacia di una campagna pubblicitaria. Vengono usualmente posizionati da reti pubblicitarie col permesso del gestore del sito web. Tengono traccia della tua visita al sito e questa informazione \u00e8 condivisa con organizzazioni come le concessionarie pubblicitarie. I cookies di profilazione, o pubblicitari, vengono spesso collegati a funzionalit\u00e0 del sito fornite da societ\u00e0 terze.<\/li>\n<\/ul>\n<h3>Gestione dei Cookies<\/h3>\n<p id=\"text\">Avete a disposizione diverse opzioni per gestire i cookies. Tutti i parametri di possibile impostazione da parte Vostra potrebbero determinare modifiche alle Vostre modalit\u00e0 di navigazione Internet e alle Vostre condizioni di accesso ad alcuni servizi che richiedono l&#8217;uso di cookies. \u00c8 possibile configurare il browser in modo tale che i cookies siano memorizzati sul dispositivo o, al contrario, vengano respinti, sia sistematicamente sia a seconda dell&#8217;emittente. Si pu\u00f2 anche impostare il browser in modo tale che l&#8217;accettazione o il rifiuto dei cookies Vi sia richiesta tempestivamente, prima che un cookie venga probabilmente memorizzato sul dispositivo. Se rifiutate i cookies nel Vostro terminale, o rimuovete quelli che sono registrati, non Vi sar\u00e0 possibile beneficiare di una serie di funzionalit\u00e0 che sono necessarie per navigare alcune aree del nostro sito. Tale sar\u00e0 il caso qualora stiate tentando di accedere ai nostri contenuti o servizi che richiedono l&#8217;identificazione. Lo stesso, nel caso in cui noi o i nostri fornitori non possiamo riconoscere, ai fini della compatibilit\u00e0 tecnica, il tipo di browser che utilizza il Vostro dispositivo, le impostazioni della lingua e del display o il paese da cui il terminale viene collegato a Internet. In tali casi, decliniamo ogni responsabilit\u00e0 per le conseguenze legate al cattivo funzionamento dei nostri servizi causato dall&#8217;impossibilit\u00e0 per noi di registrare o leggere i cookies necessari per operare e che Voi abbiate rifiutato o cancellato. Anche con tutti i cookies disabilitati, il Vostro browser continuer\u00e0 a memorizzare una piccola quantit\u00e0 di informazioni. Queste informazioni sono necessarie per le funzionalit\u00e0 di base del sito. Per la gestione dei cookies e delle Vostre scelte, la configurazione di ogni browser \u00e8 diverso:<\/p>\n<ul>\n<li><a title=\"cookie in Internet Explorer 9\" href=\"http:\/\/windows.microsoft.com\/it-it\/windows7\/how-to-manage-cookies-in-internet-explorer-9\" target=\"_blank\" rel=\"noopener\">Internet Explorer<\/a><\/li>\n<li><a title=\"Firefox gestione dei cookie\" href=\"https:\/\/support.mozilla.org\/it\/kb\/Gestione%20dei%20cookie\" target=\"_blank\" rel=\"noopener\">Firefox<\/a><\/li>\n<li><a title=\"Gestione dei cookie Google Chrome\" href=\"https:\/\/support.google.com\/chrome\/answer\/95647?hl=it\" target=\"_blank\" rel=\"noopener\">Chrome<\/a><\/li>\n<li><a title=\"Utilizzo dei cookie in Safari\" href=\"https:\/\/support.apple.com\/it-it\/HT201265\" target=\"_blank\" rel=\"noopener\">Safari<\/a><\/li>\n<\/ul>\n<h3>Visualizzazione di contenuti da piattaforme esterne<\/h3>\n<p id=\"text\">Questo sito NON utilizza direttamente alcun cookie di profilazione. Tuttavia questo sito utilizza oggetti incorporati che scaricano cookie di terze parti, spesso in grado di effettuare una profilazione degli interessi, ricerche o della navigazione dell&#8217;utente, per i quali di seguito trovate i links di dettaglio per informazioni e per gestirne il consenso. Nel caso in cui sia installato un servizio di questo tipo, \u00e8 possibile che, anche nel caso gli Utenti non utilizzino il servizio, lo stesso raccolga dati di traffico relativi alle pagine in cui \u00e8 installato.<\/p>\n<h4>Widget Google Maps (Google Inc.)<\/h4>\n<p id=\"text\">Google Maps \u00e8 un servizio di visualizzazione di mappe gestito da Google Inc. che permette a questa Applicazione di integrare tali contenuti all&#8217;interno delle proprie pagine.<br \/>\nDati personali raccolti:<br \/>\nCookie e Dati di utilizzo.\u00a0<a title=\"Google maps privacy policy\" href=\"http:\/\/www.google.it\/intl\/it\/policies\/privacy\/\" target=\"_blank\" rel=\"noopener\">Privacy Policy<\/a><\/p>\n<h4>Google Fonts (Google Inc.)<\/h4>\n<p id=\"text\">Google Fonts \u00e8 un servizio di visualizzazione di stili di carattere gestito da Google Inc. che permette a questa Applicazione di integrare tali contenuti all&#8217;interno delle proprie pagine.<br \/>\nDati personali raccolti:<br \/>\nCookie e Dati di utilizzo.\u00a0<a title=\"Google fonts privacy policy\" href=\"http:\/\/www.google.it\/intl\/en\/policies\/privacy\/\" target=\"_blank\" rel=\"noopener\">Privacy Policy<\/a><\/p>\n<h4>Widget Video Youtube (Google Inc.)<\/h4>\n<p id=\"text\">Youtube \u00e8 un servizio di visualizzazione di contenuti video gestito da Google Inc. che permette a questa Applicazione di integrare tali contenuti all&#8217;interno delle proprie pagine.<br \/>\nDati personali raccolti: Cookie e Dati di utilizzo.<br \/>\nLuogo del trattamento : USA \u2013\u00a0<a title=\"Google privacy policy\" href=\"http:\/\/www.google.it\/intl\/it\/policies\/privacy\/\" target=\"_blank\" rel=\"noopener\">Privacy Policy<\/a><\/p>\n<h4>Statistica<\/h4>\n<p id=\"text\">I servizi contenuti nella presente sezione permettono al Titolare del Trattamento di monitorare e analizzare i dati di traffico e servono a tener traccia del comportamento dell&#8217;Utente.<\/p>\n<h4>Google Analytics (Google Inc.)<\/h4>\n<p id=\"text\">Google Analytics \u00e8 un servizio di analisi web fornito da Google Inc. (&#8220;Google&#8221;). Google utilizza i Dati Personali raccolti allo scopo di tracciare ed esaminare l&#8217;utilizzo di questa Applicazione, compilare report e condividerli con gli altri servizi sviluppati da Google. Google potrebbe utilizzare i Dati Personali per contestualizzare e personalizzare gli annunci del proprio network pubblicitario.<br \/>\nDati personali raccolti: Cookie e Dati di utilizzo.<br \/>\nLuogo del trattamento : USA \u2013\u00a0<a title=\"Google privacy policy\" href=\"http:\/\/www.google.com\/intl\/it\/policies\/privacy\/\" target=\"_blank\" rel=\"noopener\">Privacy Policy<\/a>\u00a0\u2013\u00a0<a title=\"Opt Out\" href=\"https:\/\/tools.google.com\/dlpage\/gaoptout?hl=it\" target=\"_blank\" rel=\"noopener\">Opt Out<\/a><\/p>\n<h4>Protezione dallo SPAM<\/h4>\n<p id=\"text\">Questi servizi analizzano il traffico di questa Applicazione, potenzialmente contenente Dati Personali degli Utenti, al fine di filtrarlo da parti di traffico, messaggi e contenuti riconosciuti come SPAM.<\/p>\n<h4>Google reCAPTCHA (Google Inc.)<\/h4>\n<p id=\"text\">Google reCAPTCHA \u00e8 un servizio di protezione dallo SPAM fornito da Google Inc.<br \/>\nDati personali raccolti: Cookie e Dati di utilizzo. Luogo del trattamento : USA \u2013\u00a0<a title=\"Google privacy policy\" href=\"https:\/\/www.google.com\/intl\/policies\/policies\/privacy\/\" target=\"_blank\" rel=\"noopener\">Privacy Policy<\/a><\/p>\n<p>[\/vc_column_text][\/vc_column][vc_column width=&#8221;1\/6&#8243;][\/vc_column][\/vc_row]<\/p>\n<\/div>","protected":false},"excerpt":{"rendered":"<p>[vc_row css=&#8221;.vc_custom_1517394523461{background-color: #a05b4a99 !important;}&#8221;][vc_column css=&#8221;.vc_custom_1517395797499{padding-top: 0px !important;}&#8221; el_class=&#8221;size-contatti&#8221;][vc_column_text el_class=&#8221;txt-contatti&#8221; css=&#8221;.vc_custom_1549015204856{padding-top: 10px !important;}&#8221;] Cookie policy [\/vc_column_text][\/vc_column][\/vc_row][vc_row][vc_column][vc_empty_space][\/vc_column][\/vc_row][vc_row][vc_column width=&#8221;1\/6&#8243; offset=&#8221;vc_col-md-offset-0 vc_hidden-md vc_col-sm-offset-0 vc_hidden-sm vc_hidden-xs&#8221;][\/vc_column][vc_column width=&#8221;2\/3&#8243;][vc_column_text] Questa sezione \u00e8 dedicata alla nostra Cookie Policy. Essa permette di saperne di pi\u00f9 circa l&#8217;origine e l&#8217;uso delle informazioni di navigazione trattate in occasione del Vostro accesso a questo sito attraverso uno [&hellip;]<\/p>\n","protected":false},"author":1,"featured_media":0,"parent":0,"menu_order":0,"comment_status":"closed","ping_status":"closed","template":"","meta":{"_acf_changed":false,"inline_featured_image":false,"footnotes":""},"class_list":["post-78161","page","type-page","status-publish","hentry"],"acf":[],"yoast_head":"<!-- This site is optimized with the Yoast SEO plugin v26.4 - https:\/\/yoast.com\/wordpress\/plugins\/seo\/ -->\n<title>Cookie policy | Segovia Guitar Academy<\/title>\n<meta name=\"description\" content=\"Cookie policy Questa sezione \u00e8 dedicata alla nostra Cookie Policy. Essa permette di saperne di pi\u00f9 circa l&#039;origine e l&#039;uso delle informazioni di\" \/>\n<meta name=\"robots\" content=\"index, follow, max-snippet:-1, max-image-preview:large, max-video-preview:-1\" \/>\n<link rel=\"canonical\" href=\"https:\/\/www.segoviaguitaracademy.com\/cookie-policy\/\" \/>\n<meta property=\"og:locale\" content=\"en_US\" \/>\n<meta property=\"og:type\" content=\"article\" \/>\n<meta property=\"og:title\" content=\"Cookie policy | Segovia Guitar Academy\" \/>\n<meta property=\"og:description\" content=\"Cookie policy Questa sezione \u00e8 dedicata alla nostra Cookie Policy. Essa permette di saperne di pi\u00f9 circa l&#039;origine e l&#039;uso delle informazioni di\" \/>\n<meta property=\"og:url\" content=\"https:\/\/www.segoviaguitaracademy.com\/cookie-policy\/\" \/>\n<meta property=\"og:site_name\" content=\"Segovia Guitar Academy\" \/>\n<meta property=\"article:modified_time\" content=\"2019-07-22T09:24:36+00:00\" \/>\n<meta name=\"twitter:card\" content=\"summary_large_image\" \/>\n<meta name=\"twitter:label1\" content=\"Est. reading time\" \/>\n\t<meta name=\"twitter:data1\" content=\"8 minutes\" \/>\n<script type=\"application\/ld+json\" class=\"yoast-schema-graph\">{\"@context\":\"https:\/\/schema.org\",\"@graph\":[{\"@type\":\"WebPage\",\"@id\":\"https:\/\/www.segoviaguitaracademy.com\/cookie-policy\/\",\"url\":\"https:\/\/www.segoviaguitaracademy.com\/cookie-policy\/\",\"name\":\"Cookie policy | Segovia Guitar Academy\",\"isPartOf\":{\"@id\":\"https:\/\/www.segoviaguitaracademy.com\/#website\"},\"datePublished\":\"2019-02-01T10:03:51+00:00\",\"dateModified\":\"2019-07-22T09:24:36+00:00\",\"description\":\"Cookie policy Questa sezione \u00e8 dedicata alla nostra Cookie Policy. Essa permette di saperne di pi\u00f9 circa l'origine e l'uso delle informazioni di\",\"breadcrumb\":{\"@id\":\"https:\/\/www.segoviaguitaracademy.com\/cookie-policy\/#breadcrumb\"},\"inLanguage\":\"en-US\",\"potentialAction\":[{\"@type\":\"ReadAction\",\"target\":[\"https:\/\/www.segoviaguitaracademy.com\/cookie-policy\/\"]}]},{\"@type\":\"BreadcrumbList\",\"@id\":\"https:\/\/www.segoviaguitaracademy.com\/cookie-policy\/#breadcrumb\",\"itemListElement\":[{\"@type\":\"ListItem\",\"position\":1,\"name\":\"Home\",\"item\":\"https:\/\/www.segoviaguitaracademy.com\/en\/\"},{\"@type\":\"ListItem\",\"position\":2,\"name\":\"Cookie policy\"}]},{\"@type\":\"WebSite\",\"@id\":\"https:\/\/www.segoviaguitaracademy.com\/#website\",\"url\":\"https:\/\/www.segoviaguitaracademy.com\/\",\"name\":\"Segovia Guitar Academy\",\"description\":\"\",\"potentialAction\":[{\"@type\":\"SearchAction\",\"target\":{\"@type\":\"EntryPoint\",\"urlTemplate\":\"https:\/\/www.segoviaguitaracademy.com\/?s={search_term_string}\"},\"query-input\":{\"@type\":\"PropertyValueSpecification\",\"valueRequired\":true,\"valueName\":\"search_term_string\"}}],\"inLanguage\":\"en-US\"}]}<\/script>\n<!-- \/ Yoast SEO plugin. -->","yoast_head_json":{"title":"Cookie policy | Segovia Guitar Academy","description":"Cookie policy Questa sezione \u00e8 dedicata alla nostra Cookie Policy. Essa permette di saperne di pi\u00f9 circa l'origine e l'uso delle informazioni di","robots":{"index":"index","follow":"follow","max-snippet":"max-snippet:-1","max-image-preview":"max-image-preview:large","max-video-preview":"max-video-preview:-1"},"canonical":"https:\/\/www.segoviaguitaracademy.com\/cookie-policy\/","og_locale":"en_US","og_type":"article","og_title":"Cookie policy | Segovia Guitar Academy","og_description":"Cookie policy Questa sezione \u00e8 dedicata alla nostra Cookie Policy. Essa permette di saperne di pi\u00f9 circa l'origine e l'uso delle informazioni di","og_url":"https:\/\/www.segoviaguitaracademy.com\/cookie-policy\/","og_site_name":"Segovia Guitar Academy","article_modified_time":"2019-07-22T09:24:36+00:00","twitter_card":"summary_large_image","twitter_misc":{"Est. reading time":"8 minutes"},"schema":{"@context":"https:\/\/schema.org","@graph":[{"@type":"WebPage","@id":"https:\/\/www.segoviaguitaracademy.com\/cookie-policy\/","url":"https:\/\/www.segoviaguitaracademy.com\/cookie-policy\/","name":"Cookie policy | Segovia Guitar Academy","isPartOf":{"@id":"https:\/\/www.segoviaguitaracademy.com\/#website"},"datePublished":"2019-02-01T10:03:51+00:00","dateModified":"2019-07-22T09:24:36+00:00","description":"Cookie policy Questa sezione \u00e8 dedicata alla nostra Cookie Policy. Essa permette di saperne di pi\u00f9 circa l'origine e l'uso delle informazioni di","breadcrumb":{"@id":"https:\/\/www.segoviaguitaracademy.com\/cookie-policy\/#breadcrumb"},"inLanguage":"en-US","potentialAction":[{"@type":"ReadAction","target":["https:\/\/www.segoviaguitaracademy.com\/cookie-policy\/"]}]},{"@type":"BreadcrumbList","@id":"https:\/\/www.segoviaguitaracademy.com\/cookie-policy\/#breadcrumb","itemListElement":[{"@type":"ListItem","position":1,"name":"Home","item":"https:\/\/www.segoviaguitaracademy.com\/en\/"},{"@type":"ListItem","position":2,"name":"Cookie policy"}]},{"@type":"WebSite","@id":"https:\/\/www.segoviaguitaracademy.com\/#website","url":"https:\/\/www.segoviaguitaracademy.com\/","name":"Segovia Guitar Academy","description":"","potentialAction":[{"@type":"SearchAction","target":{"@type":"EntryPoint","urlTemplate":"https:\/\/www.segoviaguitaracademy.com\/?s={search_term_string}"},"query-input":{"@type":"PropertyValueSpecification","valueRequired":true,"valueName":"search_term_string"}}],"inLanguage":"en-US"}]}},"_links":{"self":[{"href":"https:\/\/www.segoviaguitaracademy.com\/en\/wp-json\/wp\/v2\/pages\/78161","targetHints":{"allow":["GET"]}}],"collection":[{"href":"https:\/\/www.segoviaguitaracademy.com\/en\/wp-json\/wp\/v2\/pages"}],"about":[{"href":"https:\/\/www.segoviaguitaracademy.com\/en\/wp-json\/wp\/v2\/types\/page"}],"author":[{"embeddable":true,"href":"https:\/\/www.segoviaguitaracademy.com\/en\/wp-json\/wp\/v2\/users\/1"}],"replies":[{"embeddable":true,"href":"https:\/\/www.segoviaguitaracademy.com\/en\/wp-json\/wp\/v2\/comments?post=78161"}],"version-history":[{"count":1,"href":"https:\/\/www.segoviaguitaracademy.com\/en\/wp-json\/wp\/v2\/pages\/78161\/revisions"}],"predecessor-version":[{"id":78163,"href":"https:\/\/www.segoviaguitaracademy.com\/en\/wp-json\/wp\/v2\/pages\/78161\/revisions\/78163"}],"wp:attachment":[{"href":"https:\/\/www.segoviaguitaracademy.com\/en\/wp-json\/wp\/v2\/media?parent=78161"}],"curies":[{"name":"wp","href":"https:\/\/api.w.org\/{rel}","templated":true}]}}